{"id":1334,"date":"2024-11-05T12:59:59","date_gmt":"2024-11-05T11:59:59","guid":{"rendered":"https:\/\/www.test-institut-etudes.com\/our-expertise\/residents\/"},"modified":"2024-12-19T08:57:52","modified_gmt":"2024-12-19T07:57:52","slug":"residents","status":"publish","type":"page","link":"https:\/\/www.test-institut-etudes.com\/en\/our-expertise\/residents\/","title":{"rendered":"Residents"},"content":{"rendered":"\n<section class=\"wp-block-uagb-section uagb-section__wrap uagb-section__background-color uagb-block-f4272ac5 pt-0\"><div class=\"uagb-section__overlay\"><\/div><div class=\"uagb-section__inner-wrap\">\n<div class=\"wp-block-acf header-responsive \">\n\t<div class=\"wrap\">\n\t\t<picture>\n\t\t\t<source media=\"(max-width: 640px)\" srcset=\"https:\/\/www.test-institut-etudes.com\/wp-content\/uploads\/2024\/11\/img-expertise-habitants-header-mobile.webp\" \/>\n\t\t\t<img decoding=\"async\" src=\"https:\/\/www.test-institut-etudes.com\/wp-content\/uploads\/2024\/11\/img-expertise-habitants-header.webp\" alt=\"\" \/>\n\t\t<\/picture>\n\t\t\t<\/div>\n<\/div><\/div><\/section>\n\n<section class=\"wp-block-uagb-section uagb-section__wrap uagb-section__background-color uagb-block-aa1774ae pt-0\"><div class=\"uagb-section__overlay\"><\/div><div class=\"uagb-section__inner-wrap\">\n<h1 class=\"wp-block-heading has-text-align-center has-orange-1-color has-text-color has-link-color wp-elements-bf90fd465a2dd3a22aa931c30a5f46b0\">The inhabitants of a territory<\/h1>\n\n\n\n<div class=\"wp-block-media-text has-media-on-the-right is-stacked-on-mobile\" style=\"grid-template-columns:auto 40%\"><div class=\"wp-block-media-text__content\">\n<p><strong>In recent years, the EMC\u00b2 (Enqu\u00eates Mobilit\u00e9 Certifi\u00e9es Cerema) have replaced the EMD (Enqu\u00eates M\u00e9nages D\u00e9placements), EDVM (Enqu\u00eates D\u00e9placements Villes Moyennes) and EDGT (Enqu\u00eates D\u00e9placements Grands Territoires). The methodology for these major public inquiries was developed by Cerema (Centre d&#8217;\u00e9tudes et d&#8217;expertise sur les risques, l&#8217;environnement, la mobilit\u00e9 et l&#8217;am\u00e9nagement). They are usually carried out face-to-face and\/or by telephone on a sample ranging from 1% to 4% of the population in the target area.<\/strong><\/p>\n<\/div><figure class=\"wp-block-media-text__media\"><img loading=\"lazy\" decoding=\"async\" width=\"417\" height=\"274\" src=\"https:\/\/www.test-institut-etudes.com\/wp-content\/uploads\/2024\/11\/img-expertise-habitants-media.svg\" alt=\"\" class=\"wp-image-414 size-full\"\/><\/figure><\/div>\n\n\n\n<p class=\"bg-blanc\">TEST is the institute that has carried out the largest number of these certified studies over the last 15 years. The &#8220;Habitants&#8221; division and its operational teams have worked in over forty French cities, both in mainland France and overseas. TEST has built up a wealth of expertise in setting up and monitoring these heavy-duty systems for surveying residents in areas ranging from local communities to regional authorities, in mainland France and overseas.<\/p>\n<\/div><\/section>\n\n<section class=\"wp-block-uagb-section uagb-section__wrap uagb-section__background-color uagb-block-039e2b6e\"><div class=\"uagb-section__overlay\"><\/div><div class=\"uagb-section__inner-wrap\">\n<div class=\"wp-block-media-text is-stacked-on-mobile\" style=\"grid-template-columns:33% auto\"><figure class=\"wp-block-media-text__media\"><img loading=\"lazy\" decoding=\"async\" width=\"345\" height=\"403\" src=\"https:\/\/www.test-institut-etudes.com\/wp-content\/uploads\/2024\/11\/img-expertise-habitants-carte.svg\" alt=\"\" class=\"wp-image-413 size-full\"\/><\/figure><div class=\"wp-block-media-text__content\">\n<p>As an expert in mobility measurement, TEST is able to intervene anywhere in France on other subjects requiring the use of face-to-face and\/or telephone interviewers, in order to capture reliable data that can feed into public authorities&#8217; reflections on the administration of their territory.<\/p>\n<\/div><\/div>\n<\/div><\/section>\n\n<section class=\"wp-block-uagb-section uagb-section__wrap uagb-section__background-color uagb-block-17fda205\"><div class=\"uagb-section__overlay\"><\/div><div class=\"uagb-section__inner-wrap\">\n<h3 class=\"wp-block-heading has-text-align-center has-gris-fonce-1-color has-text-color has-link-color wp-elements-8b25a836326c97a569225c563735fcef\">They trust us<\/h3>\n\n\n<div class=\"swiper-container swiper-logos__container \" key=\"key_block_8d098527ed78d601dc04c49fd1554cea\">\n\t\t<div class=\"swiper swiper-logos\" id=\"block_8d098527ed78d601dc04c49fd1554cea\">\n\t\t\t<div class=\"swiper-wrapper swiper-logos__wrapper\">\n\t\t\t\t<div class=\"swiper-slide swiper-logos__slide\">\n\t\t\t\t\t\t<img decoding=\"async\" width=\"134\" height=\"58\" src=\"https:\/\/www.test-institut-etudes.com\/wp-content\/uploads\/2024\/11\/Image3.png\" class=\"swiper-logos__img\" alt=\"\" loading=\"eager\" \/>\t\t\t\t\t<\/div><div class=\"swiper-slide swiper-logos__slide\">\n\t\t\t\t\t\t<img decoding=\"async\" width=\"130\" height=\"130\" src=\"https:\/\/www.test-institut-etudes.com\/wp-content\/uploads\/2024\/11\/Image8.png\" class=\"swiper-logos__img\" alt=\"\" loading=\"eager\" \/>\t\t\t\t\t<\/div><div class=\"swiper-slide swiper-logos__slide\">\n\t\t\t\t\t\t<img decoding=\"async\" width=\"96\" height=\"145\" src=\"https:\/\/www.test-institut-etudes.com\/wp-content\/uploads\/2024\/11\/Image14.png\" class=\"swiper-logos__img\" alt=\"\" loading=\"eager\" \/>\t\t\t\t\t<\/div><div class=\"swiper-slide swiper-logos__slide\">\n\t\t\t\t\t\t<img fetchpriority=\"high\" decoding=\"async\" width=\"546\" height=\"194\" src=\"https:\/\/www.test-institut-etudes.com\/wp-content\/uploads\/2024\/11\/Image16.png\" class=\"swiper-logos__img\" alt=\"\" loading=\"eager\" srcset=\"https:\/\/www.test-institut-etudes.com\/wp-content\/uploads\/2024\/11\/Image16.png 546w, https:\/\/www.test-institut-etudes.com\/wp-content\/uploads\/2024\/11\/Image16-300x107.png 300w\" sizes=\"(max-width: 546px) 100vw, 546px\" \/>\t\t\t\t\t<\/div><div class=\"swiper-slide swiper-logos__slide\">\n\t\t\t\t\t\t<img decoding=\"async\" width=\"96\" height=\"100\" src=\"https:\/\/www.test-institut-etudes.com\/wp-content\/uploads\/2024\/11\/Image18.png\" class=\"swiper-logos__img\" alt=\"\" loading=\"eager\" \/>\t\t\t\t\t<\/div><div class=\"swiper-slide swiper-logos__slide\">\n\t\t\t\t\t\t<img decoding=\"async\" width=\"230\" height=\"76\" src=\"https:\/\/www.test-institut-etudes.com\/wp-content\/uploads\/2024\/11\/Image28.png\" class=\"swiper-logos__img\" alt=\"\" loading=\"eager\" \/>\t\t\t\t\t<\/div><div class=\"swiper-slide swiper-logos__slide\">\n\t\t\t\t\t\t<img decoding=\"async\" width=\"344\" height=\"113\" src=\"https:\/\/www.test-institut-etudes.com\/wp-content\/uploads\/2024\/11\/Image29.png\" class=\"swiper-logos__img\" alt=\"\" loading=\"eager\" srcset=\"https:\/\/www.test-institut-etudes.com\/wp-content\/uploads\/2024\/11\/Image29.png 344w, https:\/\/www.test-institut-etudes.com\/wp-content\/uploads\/2024\/11\/Image29-300x99.png 300w\" sizes=\"(max-width: 344px) 100vw, 344px\" \/>\t\t\t\t\t<\/div><div class=\"swiper-slide swiper-logos__slide\">\n\t\t\t\t\t\t<img decoding=\"async\" width=\"132\" height=\"60\" src=\"https:\/\/www.test-institut-etudes.com\/wp-content\/uploads\/2024\/11\/Image33.png\" class=\"swiper-logos__img\" alt=\"\" loading=\"eager\" \/>\t\t\t\t\t<\/div><div class=\"swiper-slide swiper-logos__slide\">\n\t\t\t\t\t\t<img decoding=\"async\" width=\"102\" height=\"103\" src=\"https:\/\/www.test-institut-etudes.com\/wp-content\/uploads\/2024\/11\/Image37.png\" class=\"swiper-logos__img\" alt=\"\" loading=\"eager\" \/>\t\t\t\t\t<\/div><div class=\"swiper-slide swiper-logos__slide\">\n\t\t\t\t\t\t<img decoding=\"async\" width=\"132\" height=\"133\" src=\"https:\/\/www.test-institut-etudes.com\/wp-content\/uploads\/2024\/11\/Image41.png\" class=\"swiper-logos__img\" alt=\"\" loading=\"eager\" \/>\t\t\t\t\t<\/div><div class=\"swiper-slide swiper-logos__slide\">\n\t\t\t\t\t\t<img decoding=\"async\" width=\"161\" height=\"64\" src=\"https:\/\/www.test-institut-etudes.com\/wp-content\/uploads\/2024\/11\/Image42.png\" class=\"swiper-logos__img\" alt=\"\" loading=\"eager\" \/>\t\t\t\t\t<\/div><div class=\"swiper-slide swiper-logos__slide\">\n\t\t\t\t\t\t<img decoding=\"async\" width=\"231\" height=\"46\" src=\"https:\/\/www.test-institut-etudes.com\/wp-content\/uploads\/2024\/11\/Image45.png\" class=\"swiper-logos__img\" alt=\"\" loading=\"eager\" \/>\t\t\t\t\t<\/div><div class=\"swiper-slide swiper-logos__slide\">\n\t\t\t\t\t\t<img decoding=\"async\" width=\"380\" height=\"130\" src=\"https:\/\/www.test-institut-etudes.com\/wp-content\/uploads\/2024\/11\/Image49.png\" class=\"swiper-logos__img\" alt=\"\" loading=\"eager\" srcset=\"https:\/\/www.test-institut-etudes.com\/wp-content\/uploads\/2024\/11\/Image49.png 380w, https:\/\/www.test-institut-etudes.com\/wp-content\/uploads\/2024\/11\/Image49-300x103.png 300w\" sizes=\"(max-width: 380px) 100vw, 380px\" \/>\t\t\t\t\t<\/div><div class=\"swiper-slide swiper-logos__slide\">\n\t\t\t\t\t\t<img decoding=\"async\" width=\"700\" height=\"291\" src=\"https:\/\/www.test-institut-etudes.com\/wp-content\/uploads\/2024\/11\/Image50.png\" class=\"swiper-logos__img\" alt=\"\" loading=\"eager\" srcset=\"https:\/\/www.test-institut-etudes.com\/wp-content\/uploads\/2024\/11\/Image50.png 700w, https:\/\/www.test-institut-etudes.com\/wp-content\/uploads\/2024\/11\/Image50-300x125.png 300w\" sizes=\"(max-width: 700px) 100vw, 700px\" \/>\t\t\t\t\t<\/div><div class=\"swiper-slide swiper-logos__slide\">\n\t\t\t\t\t\t<img decoding=\"async\" width=\"560\" height=\"380\" src=\"https:\/\/www.test-institut-etudes.com\/wp-content\/uploads\/2024\/11\/Image51.png\" class=\"swiper-logos__img\" alt=\"\" loading=\"eager\" srcset=\"https:\/\/www.test-institut-etudes.com\/wp-content\/uploads\/2024\/11\/Image51.png 560w, https:\/\/www.test-institut-etudes.com\/wp-content\/uploads\/2024\/11\/Image51-300x204.png 300w\" sizes=\"(max-width: 560px) 100vw, 560px\" \/>\t\t\t\t\t<\/div>\t\t\t<\/div>\n\t\t<\/div>\n\t\t<!-- <div class=\"swiper-pagination wrap\" id=\"block_8d098527ed78d601dc04c49fd1554cea-pagination\"><\/div>\n\t\t<div class=\"swiper__btn-container swiper-logos__btn-container wrap\">\n\t\t\t<div class=\"swiper__btn swiper__btn--prev swiper-logos__btn\"><\/div>\n\t\t\t<div class=\"swiper__btn swiper__btn--next swiper-logos__btn\"><\/div>\n\t\t<\/div> -->\n\t<\/div><\/div><\/section>\n\n<section class=\"wp-block-uagb-section uagb-section__wrap uagb-section__background-color uagb-block-cde56fce pt-0 pb-0\"><div class=\"uagb-section__overlay\"><\/div><div class=\"uagb-section__inner-wrap\">\n<p class=\"has-text-align-center bg-orange jaune has-medium-font-size\">Entrust us with your innovation challenges and benefit from our expertise to build a high-performance offering tailored to your market.<\/p>\n<\/div><\/section>\n\n<section class=\"wp-block-uagb-section uagb-section__wrap uagb-section__background-color uagb-block-48881801\"><div class=\"uagb-section__overlay\"><\/div><div class=\"uagb-section__inner-wrap\">\n<h3 class=\"wp-block-heading\"><strong>Matching offers<\/strong><\/h3>\n\n\n\n<div class=\"wp-block-buttons is-layout-flex wp-block-buttons-is-layout-flex\">\n<div class=\"wp-block-button\"><a class=\"wp-block-button__link has-gris-fonce-2-background-color has-background wp-element-button\" href=\"https:\/\/www.test-institut-etudes.com\/nos-solutions\/mesure-qualite\/emc2\/\">EMC2<\/a><\/div>\n\n\n\n<div class=\"wp-block-button\"><a class=\"wp-block-button__link has-gris-fonce-2-background-color has-background wp-element-button\">Mobility collection<\/a><\/div>\n<\/div>\n<\/div><\/section>\n","protected":false},"excerpt":{"rendered":"","protected":false},"author":1,"featured_media":0,"parent":1324,"menu_order":0,"comment_status":"closed","ping_status":"closed","template":"","meta":{"_acf_changed":false,"inline_featured_image":false,"_uag_custom_page_level_css":"","footnotes":""},"class_list":["post-1334","page","type-page","status-publish","hentry"],"acf":[],"yoast_head":"<!-- This site is optimized with the Yoast SEO plugin v26.8 - https:\/\/yoast.com\/product\/yoast-seo-wordpress\/ -->\n<title>Residents - L\u2019\u00e9tude sur mesure<\/title>\n<meta name=\"robots\" content=\"index, follow, max-snippet:-1, max-image-preview:large, max-video-preview:-1\" \/>\n<link rel=\"canonical\" href=\"https:\/\/www.test-institut-etudes.com\/en\/our-expertise\/residents\/\" \/>\n<meta property=\"og:locale\" content=\"en_US\" \/>\n<meta property=\"og:type\" content=\"article\" \/>\n<meta property=\"og:title\" content=\"Residents - L\u2019\u00e9tude sur mesure\" \/>\n<meta property=\"og:url\" content=\"https:\/\/www.test-institut-etudes.com\/en\/our-expertise\/residents\/\" \/>\n<meta property=\"og:site_name\" content=\"L\u2019\u00e9tude sur mesure\" \/>\n<meta property=\"article:modified_time\" content=\"2024-12-19T07:57:52+00:00\" \/>\n<meta property=\"og:image\" content=\"https:\/\/www.test-institut-etudes.com\/wp-content\/uploads\/2024\/11\/img-expertise-habitants-media.svg\" \/>\n<meta name=\"twitter:card\" content=\"summary_large_image\" \/>\n<meta name=\"twitter:label1\" content=\"Est. reading time\" \/>\n\t<meta name=\"twitter:data1\" content=\"2 minutes\" \/>\n<script type=\"application\/ld+json\" class=\"yoast-schema-graph\">{\"@context\":\"https:\/\/schema.org\",\"@graph\":[{\"@type\":\"WebPage\",\"@id\":\"https:\/\/www.test-institut-etudes.com\/en\/our-expertise\/residents\/\",\"url\":\"https:\/\/www.test-institut-etudes.com\/en\/our-expertise\/residents\/\",\"name\":\"Residents - L\u2019\u00e9tude sur mesure\",\"isPartOf\":{\"@id\":\"https:\/\/www.test-institut-etudes.com\/en\/#website\"},\"primaryImageOfPage\":{\"@id\":\"https:\/\/www.test-institut-etudes.com\/en\/our-expertise\/residents\/#primaryimage\"},\"image\":{\"@id\":\"https:\/\/www.test-institut-etudes.com\/en\/our-expertise\/residents\/#primaryimage\"},\"thumbnailUrl\":\"https:\/\/www.test-institut-etudes.com\/wp-content\/uploads\/2024\/11\/img-expertise-habitants-media.svg\",\"datePublished\":\"2024-11-05T11:59:59+00:00\",\"dateModified\":\"2024-12-19T07:57:52+00:00\",\"breadcrumb\":{\"@id\":\"https:\/\/www.test-institut-etudes.com\/en\/our-expertise\/residents\/#breadcrumb\"},\"inLanguage\":\"en-US\",\"potentialAction\":[{\"@type\":\"ReadAction\",\"target\":[\"https:\/\/www.test-institut-etudes.com\/en\/our-expertise\/residents\/\"]}]},{\"@type\":\"ImageObject\",\"inLanguage\":\"en-US\",\"@id\":\"https:\/\/www.test-institut-etudes.com\/en\/our-expertise\/residents\/#primaryimage\",\"url\":\"https:\/\/www.test-institut-etudes.com\/wp-content\/uploads\/2024\/11\/img-expertise-habitants-media.svg\",\"contentUrl\":\"https:\/\/www.test-institut-etudes.com\/wp-content\/uploads\/2024\/11\/img-expertise-habitants-media.svg\"},{\"@type\":\"BreadcrumbList\",\"@id\":\"https:\/\/www.test-institut-etudes.com\/en\/our-expertise\/residents\/#breadcrumb\",\"itemListElement\":[{\"@type\":\"ListItem\",\"position\":1,\"name\":\"Accueil\",\"item\":\"https:\/\/www.test-institut-etudes.com\/en\/\"},{\"@type\":\"ListItem\",\"position\":2,\"name\":\"Our expertise\",\"item\":\"https:\/\/www.test-institut-etudes.com\/en\/our-expertise\/\"},{\"@type\":\"ListItem\",\"position\":3,\"name\":\"Residents\"}]},{\"@type\":\"WebSite\",\"@id\":\"https:\/\/www.test-institut-etudes.com\/en\/#website\",\"url\":\"https:\/\/www.test-institut-etudes.com\/en\/\",\"name\":\"L\u2019\u00e9tude sur mesure\",\"description\":\"\",\"potentialAction\":[{\"@type\":\"SearchAction\",\"target\":{\"@type\":\"EntryPoint\",\"urlTemplate\":\"https:\/\/www.test-institut-etudes.com\/en\/?s={search_term_string}\"},\"query-input\":{\"@type\":\"PropertyValueSpecification\",\"valueRequired\":true,\"valueName\":\"search_term_string\"}}],\"inLanguage\":\"en-US\"}]}<\/script>\n<!-- \/ Yoast SEO plugin. -->","yoast_head_json":{"title":"Residents - L\u2019\u00e9tude sur mesure","robots":{"index":"index","follow":"follow","max-snippet":"max-snippet:-1","max-image-preview":"max-image-preview:large","max-video-preview":"max-video-preview:-1"},"canonical":"https:\/\/www.test-institut-etudes.com\/en\/our-expertise\/residents\/","og_locale":"en_US","og_type":"article","og_title":"Residents - L\u2019\u00e9tude sur mesure","og_url":"https:\/\/www.test-institut-etudes.com\/en\/our-expertise\/residents\/","og_site_name":"L\u2019\u00e9tude sur mesure","article_modified_time":"2024-12-19T07:57:52+00:00","og_image":[{"url":"https:\/\/www.test-institut-etudes.com\/wp-content\/uploads\/2024\/11\/img-expertise-habitants-media.svg","type":"","width":"","height":""}],"twitter_card":"summary_large_image","twitter_misc":{"Est. reading time":"2 minutes"},"schema":{"@context":"https:\/\/schema.org","@graph":[{"@type":"WebPage","@id":"https:\/\/www.test-institut-etudes.com\/en\/our-expertise\/residents\/","url":"https:\/\/www.test-institut-etudes.com\/en\/our-expertise\/residents\/","name":"Residents - L\u2019\u00e9tude sur mesure","isPartOf":{"@id":"https:\/\/www.test-institut-etudes.com\/en\/#website"},"primaryImageOfPage":{"@id":"https:\/\/www.test-institut-etudes.com\/en\/our-expertise\/residents\/#primaryimage"},"image":{"@id":"https:\/\/www.test-institut-etudes.com\/en\/our-expertise\/residents\/#primaryimage"},"thumbnailUrl":"https:\/\/www.test-institut-etudes.com\/wp-content\/uploads\/2024\/11\/img-expertise-habitants-media.svg","datePublished":"2024-11-05T11:59:59+00:00","dateModified":"2024-12-19T07:57:52+00:00","breadcrumb":{"@id":"https:\/\/www.test-institut-etudes.com\/en\/our-expertise\/residents\/#breadcrumb"},"inLanguage":"en-US","potentialAction":[{"@type":"ReadAction","target":["https:\/\/www.test-institut-etudes.com\/en\/our-expertise\/residents\/"]}]},{"@type":"ImageObject","inLanguage":"en-US","@id":"https:\/\/www.test-institut-etudes.com\/en\/our-expertise\/residents\/#primaryimage","url":"https:\/\/www.test-institut-etudes.com\/wp-content\/uploads\/2024\/11\/img-expertise-habitants-media.svg","contentUrl":"https:\/\/www.test-institut-etudes.com\/wp-content\/uploads\/2024\/11\/img-expertise-habitants-media.svg"},{"@type":"BreadcrumbList","@id":"https:\/\/www.test-institut-etudes.com\/en\/our-expertise\/residents\/#breadcrumb","itemListElement":[{"@type":"ListItem","position":1,"name":"Accueil","item":"https:\/\/www.test-institut-etudes.com\/en\/"},{"@type":"ListItem","position":2,"name":"Our expertise","item":"https:\/\/www.test-institut-etudes.com\/en\/our-expertise\/"},{"@type":"ListItem","position":3,"name":"Residents"}]},{"@type":"WebSite","@id":"https:\/\/www.test-institut-etudes.com\/en\/#website","url":"https:\/\/www.test-institut-etudes.com\/en\/","name":"L\u2019\u00e9tude sur mesure","description":"","potentialAction":[{"@type":"SearchAction","target":{"@type":"EntryPoint","urlTemplate":"https:\/\/www.test-institut-etudes.com\/en\/?s={search_term_string}"},"query-input":{"@type":"PropertyValueSpecification","valueRequired":true,"valueName":"search_term_string"}}],"inLanguage":"en-US"}]}},"uagb_featured_image_src":{"full":false,"thumbnail":false,"medium":false,"medium_large":false,"large":false,"1536x1536":false,"2048x2048":false,"larger":false,"gform-image-choice-sm":false,"gform-image-choice-md":false,"gform-image-choice-lg":false},"uagb_author_info":{"display_name":"admin_test","author_link":"https:\/\/www.test-institut-etudes.com\/en\/author\/admin_test\/"},"uagb_comment_info":0,"uagb_excerpt":null,"_links":{"self":[{"href":"https:\/\/www.test-institut-etudes.com\/en\/wp-json\/wp\/v2\/pages\/1334","targetHints":{"allow":["GET"]}}],"collection":[{"href":"https:\/\/www.test-institut-etudes.com\/en\/wp-json\/wp\/v2\/pages"}],"about":[{"href":"https:\/\/www.test-institut-etudes.com\/en\/wp-json\/wp\/v2\/types\/page"}],"author":[{"embeddable":true,"href":"https:\/\/www.test-institut-etudes.com\/en\/wp-json\/wp\/v2\/users\/1"}],"replies":[{"embeddable":true,"href":"https:\/\/www.test-institut-etudes.com\/en\/wp-json\/wp\/v2\/comments?post=1334"}],"version-history":[{"count":3,"href":"https:\/\/www.test-institut-etudes.com\/en\/wp-json\/wp\/v2\/pages\/1334\/revisions"}],"predecessor-version":[{"id":1337,"href":"https:\/\/www.test-institut-etudes.com\/en\/wp-json\/wp\/v2\/pages\/1334\/revisions\/1337"}],"up":[{"embeddable":true,"href":"https:\/\/www.test-institut-etudes.com\/en\/wp-json\/wp\/v2\/pages\/1324"}],"wp:attachment":[{"href":"https:\/\/www.test-institut-etudes.com\/en\/wp-json\/wp\/v2\/media?parent=1334"}],"curies":[{"name":"wp","href":"https:\/\/api.w.org\/{rel}","templated":true}]}}